{"id":118,"date":"2024-07-15T17:16:34","date_gmt":"2024-07-15T15:16:34","guid":{"rendered":"https:\/\/cisa-unige.ch\/sterpenich-virginie\/?page_id=118"},"modified":"2025-02-06T15:55:14","modified_gmt":"2025-02-06T14:55:14","slug":"participate-to-projects","status":"publish","type":"page","link":"https:\/\/cisa-unige.ch\/sterpenich-virginie\/participate-to-projects\/","title":{"rendered":"Participate to projects"},"content":{"rendered":"\n<h2 class=\"wp-block-heading\"><strong>Healing sleep in adolescents: a workshop-based intervention<\/strong><\/h2>\n\n\n\n<p class=\"has-medium-font-size\">Si vous souffrez de probl\u00e8mes de sommeil et que vous voulez tester nos ateliers pour mieux dormir, n&#8217;h\u00e9sitez pas \u00e0 nous \u00e9crire un e-mail \u00e0 l&#8217;adresse suivante : <strong>sleep-ado@unige.ch<\/strong>.<\/p>\n\n\n\n<p class=\"has-medium-font-size\"><strong>Note importante :<\/strong> il y a quelques crit\u00e8res \u00e0 remplir si vous voulez participer \u00e0 l&#8217;\u00e9tude.<\/p>\n\n\n\n<ul class=\"wp-block-list\">\n<li class=\"has-medium-font-size\">Avoir entre 15 et 25 ans<\/li>\n\n\n\n<li class=\"has-medium-font-size\">Avoir des soucis avec son sommeil <\/li>\n\n\n\n<li class=\"has-medium-font-size\">Etre pr\u00eat.e pour un investissement de six semaines<\/li>\n\n\n\n<li class=\"has-medium-font-size\">Ne pas avoir d&#8217;apn\u00e9e du sommeil<\/li>\n\n\n\n<li class=\"has-medium-font-size\">Ne pas travailler de nuit<\/li>\n<\/ul>\n\n\n\n<figure class=\"wp-block-image size-large\"><img loading=\"lazy\" decoding=\"async\" width=\"712\" height=\"1024\" src=\"https:\/\/cisa-unige.ch\/sterpenich-virginie\/wp-content\/uploads\/sites\/7\/2025\/02\/Affiche_recrutement_ateliers_Virginie_page-0001-712x1024.jpg\" alt=\"\" class=\"wp-image-337\" srcset=\"https:\/\/cisa-unige.ch\/sterpenich-virginie\/wp-content\/uploads\/sites\/7\/2025\/02\/Affiche_recrutement_ateliers_Virginie_page-0001-712x1024.jpg 712w, https:\/\/cisa-unige.ch\/sterpenich-virginie\/wp-content\/uploads\/sites\/7\/2025\/02\/Affiche_recrutement_ateliers_Virginie_page-0001-208x300.jpg 208w, https:\/\/cisa-unige.ch\/sterpenich-virginie\/wp-content\/uploads\/sites\/7\/2025\/02\/Affiche_recrutement_ateliers_Virginie_page-0001-768x1105.jpg 768w, https:\/\/cisa-unige.ch\/sterpenich-virginie\/wp-content\/uploads\/sites\/7\/2025\/02\/Affiche_recrutement_ateliers_Virginie_page-0001-1067x1536.jpg 1067w, https:\/\/cisa-unige.ch\/sterpenich-virginie\/wp-content\/uploads\/sites\/7\/2025\/02\/Affiche_recrutement_ateliers_Virginie_page-0001.jpg 1246w\" sizes=\"auto, (max-width: 712px) 100vw, 712px\" \/><\/figure>\n\n\n\n<p class=\"has-small-font-size\">EN : If you consider yourself having sleep problems and you want to try our workshop-based intervention to improve your sleep, do not hesitate to write an e-mail at : sleep-ado@unige.ch.<\/p>\n\n\n\n<p class=\"has-small-font-size\"><strong>Important note:<\/strong> there are some key criteria you need to meet if you want to participate.<\/p>\n\n\n\n<ul class=\"wp-block-list\">\n<li class=\"has-small-font-size\">Be between 15 and 25 years old<\/li>\n\n\n\n<li class=\"has-small-font-size\">Have sleep problems<\/li>\n\n\n\n<li class=\"has-small-font-size\">Be ready for a six-week investment<\/li>\n\n\n\n<li class=\"has-small-font-size\">Have no sleep apnea<\/li>\n\n\n\n<li class=\"has-small-font-size\">No nightwork<\/li>\n<\/ul>\n\n\n\n<p><\/p>\n","protected":false},"excerpt":{"rendered":"<p>Healing sleep in adolescents: a workshop-based intervention Si vous souffrez de probl\u00e8mes de sommeil et que vous voulez tester nos ateliers pour mieux dormir, n&#8217;h\u00e9sitez pas \u00e0 nous \u00e9crire un e-mail \u00e0 l&#8217;adresse suivante : sleep-ado@unige.ch. Note importante : il y a quelques crit\u00e8res \u00e0 remplir si vous voulez participer \u00e0 l&#8217;\u00e9tude. EN : If &hellip; <\/p>\n<p class=\"link-more\"><a href=\"https:\/\/cisa-unige.ch\/sterpenich-virginie\/participate-to-projects\/\" class=\"more-link\">Continue reading<span class=\"screen-reader-text\"> &#8220;Participate to projects&#8221;<\/span><\/a><\/p>\n","protected":false},"author":9,"featured_media":0,"parent":0,"menu_order":0,"comment_status":"closed","ping_status":"closed","template":"","meta":{"_themeisle_gutenberg_block_has_review":false,"footnotes":""},"class_list":["post-118","page","type-page","status-publish","hentry"],"_links":{"self":[{"href":"https:\/\/cisa-unige.ch\/sterpenich-virginie\/wp-json\/wp\/v2\/pages\/118","targetHints":{"allow":["GET"]}}],"collection":[{"href":"https:\/\/cisa-unige.ch\/sterpenich-virginie\/wp-json\/wp\/v2\/pages"}],"about":[{"href":"https:\/\/cisa-unige.ch\/sterpenich-virginie\/wp-json\/wp\/v2\/types\/page"}],"author":[{"embeddable":true,"href":"https:\/\/cisa-unige.ch\/sterpenich-virginie\/wp-json\/wp\/v2\/users\/9"}],"replies":[{"embeddable":true,"href":"https:\/\/cisa-unige.ch\/sterpenich-virginie\/wp-json\/wp\/v2\/comments?post=118"}],"version-history":[{"count":11,"href":"https:\/\/cisa-unige.ch\/sterpenich-virginie\/wp-json\/wp\/v2\/pages\/118\/revisions"}],"predecessor-version":[{"id":338,"href":"https:\/\/cisa-unige.ch\/sterpenich-virginie\/wp-json\/wp\/v2\/pages\/118\/revisions\/338"}],"wp:attachment":[{"href":"https:\/\/cisa-unige.ch\/sterpenich-virginie\/wp-json\/wp\/v2\/media?parent=118"}],"curies":[{"name":"wp","href":"https:\/\/api.w.org\/{rel}","templated":true}]}}