{"id":12,"date":"2023-11-14T14:21:42","date_gmt":"2023-11-14T13:21:42","guid":{"rendered":"https:\/\/cisa-unige.ch\/sterpenich-virginie\/?page_id=12"},"modified":"2025-02-07T14:25:26","modified_gmt":"2025-02-07T13:25:26","slug":"publications","status":"publish","type":"page","link":"https:\/\/cisa-unige.ch\/sterpenich-virginie\/publications\/","title":{"rendered":"Publications"},"content":{"rendered":"\n<h2 class=\"wp-block-heading\"><strong>You can find here the list of Dr. Sterpenich&#8217;s publications<\/strong><\/h2>\n\n\n\n<h3 class=\"wp-block-heading\"><strong>Publications with editorial policy<\/strong><\/h3>\n\n\n<div class=\"wp-block-image\">\n<figure class=\"alignright size-large is-resized\"><img loading=\"lazy\" decoding=\"async\" width=\"1024\" height=\"893\" src=\"https:\/\/cisa-unige.ch\/sterpenich-virginie\/wp-content\/uploads\/sites\/7\/2024\/07\/2497224-4-1024x893.jpg\" alt=\"\" class=\"wp-image-248\" style=\"width:389px;height:auto\" srcset=\"https:\/\/cisa-unige.ch\/sterpenich-virginie\/wp-content\/uploads\/sites\/7\/2024\/07\/2497224-4-1024x893.jpg 1024w, https:\/\/cisa-unige.ch\/sterpenich-virginie\/wp-content\/uploads\/sites\/7\/2024\/07\/2497224-4-300x262.jpg 300w, https:\/\/cisa-unige.ch\/sterpenich-virginie\/wp-content\/uploads\/sites\/7\/2024\/07\/2497224-4-768x670.jpg 768w, https:\/\/cisa-unige.ch\/sterpenich-virginie\/wp-content\/uploads\/sites\/7\/2024\/07\/2497224-4-1536x1339.jpg 1536w, https:\/\/cisa-unige.ch\/sterpenich-virginie\/wp-content\/uploads\/sites\/7\/2024\/07\/2497224-4.jpg 2000w\" sizes=\"auto, (max-width: 706px) 89vw, (max-width: 767px) 82vw, 740px\" \/><\/figure>\n<\/div>\n\n\n<ul class=\"wp-block-list\">\n<li class=\"has-small-font-size\">Cernadas Curotto P, <strong>Sterpenich V<\/strong>, Sander D, Favez N, Rimmele U, Klimecki O., Quarreling After a Sleepless Night: Preliminary Evidence of the Impact of Sleep Deprivation on Interpersonal Conflict. Affect Sci. 2022;3(2):341-352.<\/li>\n\n\n\n<li class=\"has-small-font-size\">Moyne M, Legendre G, Arnal L, Kumar S, <strong>Sterpenich V,<\/strong> Seeck M, Grandjean D, Schwartz S, Vuilleumier P, Dom\u00ednguez-Borr\u00e0s J., Brain reactivity to emotion persists in NREM sleep and is associated with individual dream recall. Cereb Cortex Commun. 2022 Jan 27;3(1) <\/li>\n\n\n\n<li class=\"has-small-font-size\">Bourgeois A, <strong>Sterpenich V<\/strong>, Iannotti GR, Vuilleumier P., Reward-driven modulation of spatial attention in the human frontal eye-field., Neuroimage. 2022 Feb 15;247:118846.<\/li>\n\n\n\n<li class=\"has-small-font-size\"><strong>*Sterpenich V<\/strong>, van Schie M, Catsiyannis M, Ramyead A, Perrig S, Yang HD, Van De Ville D. , Schwartz S. Reward triggers spontaneous neural reactivation during sleep Nature Communication, 2021, Jul 6;12(1):4162<\/li>\n\n\n\n<li class=\"has-small-font-size\">Debarnot U, Perrault AA, <strong>Sterpenich V<\/strong>, Legendre G, Huber C, Guillot A, Schwartz S., Motor imagery practice benefits during arm immobilization., Sci Rep. 2021 Apr 26;11(1):8928.<\/li>\n\n\n\n<li class=\"has-small-font-size\">Tarun A, Wainstein-Andriano D, <strong>Sterpenich V<\/strong>, Bayer L, Perogamvros L, Solms M, Axmacher N, Schwartz S, Van De Ville D,&nbsp; NREM sleep stages specifically alter dynamical integration of large-scale brain networks, iScience. 2020 Dec 10;24(1):101923<\/li>\n\n\n\n<li class=\"has-small-font-size\"><a><\/a><a><\/a><a><strong>* Sterpenich V*<\/strong><\/a>, Perogamvros L*, Tononi G, Schwartz S, Fear in dreams and in wakefulness: evidence for day\/night affective homeostasis, Human Brain Mapping, 2019, Oct-30.<\/li>\n\n\n\n<li class=\"has-small-font-size\"><strong>Sterpenich V<\/strong>, Vidal S, Hofmeister J, Michalopoulos G, Bancila V, Warrot D, Dayer A, Desseilles M, Aubry JM, Kosel M, Schwartz S, Vutskits L, Increased Reactivity of the Mesolimbic Reward System after Ketamine Injection in Patients with Treatment-resistant Major Depressive Disorder.&nbsp; Anesthesiology. 2019 Jun;130(6):923-935<em>.<\/em><\/li>\n\n\n\n<li class=\"has-small-font-size\">Meaux E, <strong>Sterpenich V<\/strong>, Vuilleumier P., Emotional learning promotes perceptual predictions by remodeling stimulus representation in visual cortex., Sci Rep. 2019 Nov 14;9(1):16867.<\/li>\n\n\n\n<li class=\"has-small-font-size\">Guex R, Hofstetter C, Dom\u00ednguez-Borr\u00e0s J, M\u00e9ndez-B\u00e9rtolo C, <strong>Sterpenich V<\/strong>, Spinelli L, Seeck M, Vuilleumier P., <a href=\"https:\/\/www.ncbi.nlm.nih.gov\/pubmed\/31129312\">Neurophysiological evidence for early modulation of amygdala activity by emotional reappraisal.<\/a> Biol Psychol. 2019 Jul;145:211-223<\/li>\n\n\n\n<li class=\"has-small-font-size\">*Perrault AA, Bayer L, Peuvrier M, Afyouni A, Ghisletta P, Brockmann C, Spiridon M, Hulo Vesely S, Haller DM, Pichon S, Perrig S, Schwartz S, <strong>Sterpenich V, <\/strong>&nbsp;<a href=\"https:\/\/www.ncbi.nlm.nih.gov\/pubmed\/31260534\">Reducing the use of screen electronic devices in the evening is associated with improved sleep and daytime vigilance in adolescents.<\/a>, Sleep. 2019 Jun 8<\/li>\n\n\n\n<li class=\"has-small-font-size\"><em><\/em>Jegou A, Schabus M, Gosseries O, Dahmen B, Albouy G, Desseilles M, <strong>Sterpenich V<\/strong>, Phillips C, Maquet P, Grova C, Dang-Vu TT., Cortical reactivations during sleep spindles following declarative learning., Neuroimage. 2019 Jul 15;195:104-112<\/li>\n\n\n\n<li class=\"has-small-font-size\"><em><\/em>Montagrin A.,<strong> Sterpenich V.,<\/strong> Brosch T., Grandjean D., Armony J., Ceravolo L., Sander D., Goal-Relevant situations Facilitate Memory of Neutral Faces. Cognitive, Affective, and Behavioral Neuroscience 2018, Sep 27<\/li>\n\n\n\n<li class=\"has-small-font-size\">Vidal S., Gex-Fabry M., Bancila V., Michalopoulos G., Warrot D., Jermann F., Dayer A., <strong>Sterpenich V.,<\/strong> Schwartz S., Vutskits L., Khan N., Aubry JM., Kosel M., Efficacy and safety of a rapid intravenous injection of ketamine 0.5 mg\/kg in treatment-resistant major depression: an open 4-week longitudinal study, Journal of Clinical Psychopharmacology, 2018, Oct 19.<\/li>\n\n\n\n<li class=\"has-small-font-size\">Bolton T, Tarun A, <strong>Sterpenich V<\/strong>, Schwartz S, Van de Ville, Interactions Between Large-Scale Functional Brain Networks Are Captured by Sparse Coupled HMMs, IEEE Transactions on Medical Imaging, 2018 Jan;37(1):230-240.<\/li>\n\n\n\n<li class=\"has-small-font-size\"><strong>Sterpenich V,<\/strong> Ceravolo L, Schwartz S, Sleep deprivation disrupts the contribution of the hippocampus to the formation of novel lexical associations. Brain and Language, 2017 Feb 4<\/li>\n\n\n\n<li class=\"has-small-font-size\"><em><\/em>Piguet C, Cojan Y, <strong>Sterpenich V<\/strong>, Desseilles M, Bertschy G, Vuilleumier P, Alterations in neural systems mediating cognitive flexibility and inhibition in mood disorders. Hum Brain Mapp. 2016 Apr;37(4):1335-48<\/li>\n\n\n\n<li class=\"has-small-font-size\"><em><\/em>Hofmeister J, <strong>Sterpenich V<\/strong>, A Role for the Locus Ceruleus in Reward Processing: Encoding Behavioral Energy Required for Goal-Directed Actions.&nbsp; J Neurosci. 2015, Jul 22;35(29)<\/li>\n\n\n\n<li class=\"has-small-font-size\"><em><\/em>Igloi K, Gaggioni G, <strong>Sterpenich V<\/strong>, Schwartz S, A nap to recap or how reward regulates hippocampal-prefrontal memory networks during daytime sleep in humans.<strong> <\/strong>Elife. 2015 Oct 16<\/li>\n\n\n\n<li class=\"has-small-font-size\">Piguet C, Desseilles M, Cojan Y, <strong>Sterpenich V<\/strong>, Dayer A, Bertschy G, Vuilleumier P, Neural correlates of generation and inhibition of verbal association patterns in mood disorders. Soc Cogn Affect Neurosci. 2015 Jul;10(7):978-86 <\/li>\n\n\n\n<li class=\"has-small-font-size\"><strong>Sterpenich V<\/strong>, Schwart S, Maquet P, Desseilles M. Ability to maintain internal arousal and motivation modulates brain responses to emotions. PLoS One. 2014 Dec 1;9(12)<\/li>\n\n\n\n<li class=\"has-small-font-size\"><strong>Sterpenich V<\/strong>, Piguet C, Desseilles M, Ceravolo L, Gschwind M, Van de Ville D, Vuilleumier P, Schwartz S. Sleep sharpens sensory stimulus coding in human visual cortex after fear conditioning. Neuroimage. 2014 Oct 15;100:608-18<em>.<\/em><\/li>\n\n\n\n<li class=\"has-small-font-size\"><strong>Sterpenich V<\/strong>, Schmidt C, Albouy G, Matarazzo L, Vanhaudenhuyse A, Boveroux P, Vaessen N, Degueldre C, Leclercq Y, Balteau E, Collette F, Luxen A, Phillips C, Maquet P. Memory Reactivation During Rapid Eye Movement (REM) Sleep Promotes Its Generalization and Integration in Cortical Stores. Sleep. 2014 Jun 1;37(6):1061-75,2014<\/li>\n\n\n\n<li class=\"has-small-font-size\">Piguet C, Desseilles M, <strong>Sterpenich V<\/strong>, Cojan Y, Bertschy G, Vuilleumier P. Neural substrates of rumination tendency in non-depressed individuals.<strong> <\/strong>Biol Psychol. 2014 Dec;103:195-202<\/li>\n\n\n\n<li class=\"has-small-font-size\">Piguet C, <strong>Sterpenich V<\/strong>, Desseilles M, Cojan Y, Bertschy G, Vuilleumier P. Neural substrates of cognitive switching and inhibition in a face processing task. Neuroimage. 2013 Nov 15;82:489-99.<\/li>\n\n\n\n<li class=\"has-small-font-size\">Aue T, Hoeppli ME, Piguet C, <strong>Sterpenich V<\/strong>, Vuilleumier P. Visual avoidance in phobia: particularities in neural activity, autonomic responding, and cognitive risk evaluations. Front Hum Neurosci. 2013 7:194.<\/li>\n\n\n\n<li class=\"has-small-font-size\">Albouy G, <strong>Sterpenich V<\/strong>, Vandewalle G, Darsaud A, Gais S, Rauchs G, Desseilles M, Boly M, Dang-Vu T, Balteau E, Degueldre C, Phillips C, Luxen A, Maquet P. Interaction between hippocampal and striatal systems predicts subsequent consolidation of motor sequence memory. PLoS One. 2013 &nbsp;8(3):e59490.<\/li>\n\n\n\n<li class=\"has-small-font-size\">Mascetti L, Muto V, Matarazzo L, Foret A, Ziegler E, Albouy G, <strong>Sterpenich V<\/strong>, Schmidt C, Degueldre C, Leclercq Y, Phillips C, Luxen A, Vandewalle G, Vogels R, Maquet P, Balteau E. The impact of visual perceptual learning on sleep and local slow-wave initiation. J Neurosci. 2013 Feb 20;33(8):3323-31<\/li>\n\n\n\n<li class=\"has-small-font-size\">Albouy G, Vandewalle G, <strong>Sterpenich V<\/strong>, Rauchs G, Desseilles M, Balteau E, Degueldre C, Phillips C, Luxen A, Maquet P. Sleep stabilizes visuomotor adaptation memory: a functional magnetic resonance imaging study. J Sleep Res. 2013 Apr;22(2):144-54<\/li>\n\n\n\n<li class=\"has-small-font-size\">Schmidt C, Peigneux P, Leclercq Y, <strong>Sterpenich V<\/strong>, Vandewalle G, Phillips C, Berthomier P, Berthomier C, Tinguely G, Gais S, Schabus M, Desseilles M, Dang-Vu T, Salmon E, Degueldre C, Balteau E, Luxen A, Cajochen C, Maquet P, Collette F. Circadian preference modulates the neural substrate of conflict processing across the day. PLoS One. 2012 &nbsp;7(1):e29658<\/li>\n\n\n\n<li class=\"has-small-font-size\">Albouy G, <strong>Sterpenich V<\/strong>, Vandewalle G, Darsaud A, Gais S, Rauchs G, Desseilles M, Boly M, Dang-Vu T, Balteau E, Degueldre C, Phillips C, Luxen A, Maquet P. Neural correlates of performance variability during motor sequence acquisition. Neuroimage. 2012 Mar;60(1):324-31<\/li>\n\n\n\n<li class=\"has-small-font-size\"><strong><\/strong>De Lucia M, Constantinescu I, <strong>Sterpenich V<\/strong><strong>,<\/strong> Pourtois G, Seeck M, Schwartz S. Decoding sequence learning from single-trial intracranial EEG in humans. PLoS One. 2011. 6(12)<\/li>\n\n\n\n<li class=\"has-small-font-size\">Darsaud A, Wagner U, Balteau E, Desseilles M, <strong>Sterpenich V,<\/strong> Vandewalle G, Albouy G, Dang-Vu T, Collette F, Boly M, Schabus M, Degueldre C, Luxen A, Maquet P. Neural Precursors of Delayed Insight. J Cogn Neurosci. 2010 Jul 28<\/li>\n\n\n\n<li class=\"has-small-font-size\">Darsaud A, Dehon H, Lahl O, <strong>Sterpenich V<\/strong>, Boly M, Dang-Vu T, Desseilles M, Gais S, Matarazzo L, Peters F, Schabus M, Schmidt C, Tinguely G, Vandewalle G, Luxen A, Maquet P, Collette F. Does Sleep Promote False Memories?. J Cogn Neurosci. 2010 Feb 10<\/li>\n\n\n\n<li class=\"has-small-font-size\">Peters F, Collette F, Degueldre C, <strong>Sterpenich V<\/strong>, Majerus S, Salmon E. The neural correlates of verbal short-term memory in Alzheimer\u2019s disease. Brain. 2009 May 11<\/li>\n\n\n\n<li class=\"has-small-font-size\">Schmidt C, Collette F, Leclercq Y, <strong>Sterpenich V,<\/strong> Vandewalle G, Berthomier P, Berthomier C, Phillips C, Tinguely G, Darsaud A, Gais S, Schabus M, Desseilles M, Dang-Vu TT, Salmon E, Balteau E, Degueldre C, Luxen A, Maquet P, Cajochen C, Peigneux P. Homeostatic sleep pressure and responses to sustained attention in the suprachiasmatic area. Science. 2009 Apr 24;324(5926):516-9<\/li>\n\n\n\n<li class=\"has-small-font-size\"><strong>*Sterpenich V<\/strong>, Albouy G, Darsaud A, Schmidt C, Vandewalle G, Dang Vu TT, Desseilles M, Phillips C, Degueldre C, Balteau E, Collette F, Luxen A, Maquet P. Sleep promotes the neural reorganization of remote emotional memory. J Neurosci. 2009 Apr 22;29(16):5143-52<\/li>\n\n\n\n<li class=\"has-small-font-size\">Desseilles M, Balteau E, <strong>Sterpenich V,<\/strong> Dang-Vu TT, Darsaud A, Vandewalle G, Albouy G, Salmon E, Peters F, Schmidt C, Schabus M, Gais S, Degueldre C, Phillips C, Luxen A, Ansseau M, Maquet P, Schwartz S. Abnormal neural filtering of irrelevant visual information in depression. J Neurosci. 2009 Feb 4;29(5):1395-403<\/li>\n\n\n\n<li class=\"has-small-font-size\">Dang-Vu TT, Schabus M, Desseilles M, Albouy G, Boly M, Darsaud A, Gais S, Rauchs G, <strong>Sterpenich V<\/strong>, Vandewalle G, Carrier J, Moonen G, Balteau E, Degueldre C, Luxen A, Phillips C, Maquet P. Spontaneous neural activity during human slow wave sleep. Proc Natl Acad Sci U S A. 2008 Sep 30;105(39):15160-5. Epub 2008 Sep 24<\/li>\n\n\n\n<li class=\"has-small-font-size\">Rauchs G, Orban P, Schimdt C, Albouy G, Balteau E, Degueldre C, Schnakers C, <strong>Sterpenich V,<\/strong> Tinguely G, Luxen A, Maquet P, Peigneux P. Sleep modulates the neural substrates of both spatial and contextual memory consolidation. PloS ONE 2008 Aug 13;3(8)<\/li>\n\n\n\n<li class=\"has-small-font-size\">Desseilles M, Dang-Vu T, Schabus M, <strong>Sterpenich V<\/strong>, Maquet P, Schwartz S. Neuroimaging insights into the pathophysiology of sleep disorders. Sleep 2008 Jun 1;31(6):777-94<\/li>\n\n\n\n<li class=\"has-small-font-size\">Albouy G., <strong>Sterpenich V.,<\/strong> Balteau E., Vandewalle G., Desseilles M., Dang-Vu T., Darsaud A., Ruby P., Luppi P-H., Degueldre C., Peigneux P., Luxen A., Maquet P. Both the Striatum and Hippocampus Are Involved in Consolidation of Motor Sequence Memory. Neuron 2008&nbsp; Apr 24;58(2):261-72<\/li>\n\n\n\n<li class=\"has-small-font-size\">Gais S, Albouy G, Boly M, Dang-Vu TT, Darsaud A, Desseilles M, Rauchs G, Schabus M, <strong>Sterpenich V,<\/strong> Vandewalle G, Maquet P, Peigneux P.,Sleep transforms the cerebral trace of declarative memories. Proc Natl Acad Sci U S A. 2007Nov 20;104(47):18778-83. Epub 2007 Nov 13<\/li>\n\n\n\n<li class=\"has-small-font-size\">Schabus M, Dang-Vu TT, Alboury G, Balteau G, Boly M, Carrier J, Darsaud A, Degueldre C, Desseilles M, Gais S, Phillips C, Schnakers C, <strong>Sterpenich V<\/strong>, Vandewalle G, Luxen A, Maquet P. Hemodynamic cerebral correlates of sleep spindles during human non-rapid eye movement sleep. Proc Natl Acad Sci U S A. 2007 Aug&nbsp; 7;104 (32):13 164-9.<\/li>\n\n\n\n<li class=\"has-small-font-size\"><em><\/em><strong>*Sterpenich V<\/strong>, Albouy G, Boly M, Vandewalle G, Darsaud A, Balteau E, Dang-Vu TT, Desseilles M, D&#8217;Argembeau A, Gais S, Rauchs G, Schabus M, Degueldre C, Luxen A, Collette F, Maquet P. Sleep-related hippocampo-cortical interplay during emotional memory recollection. PLoS Biol. 2007 Oct 23;5(11):e282<\/li>\n\n\n\n<li class=\"has-small-font-size\"><strong><\/strong><strong>Sterpenich V.,<\/strong> D\u2019Argembeau A., Desseilles M., Balteau E., Albouy G., Vandewalle G., Degueldre C., LuxenA., Collette F., Maquet P. The locus coeruleus is involved in the successful retrieval of emotional memories in humans. Journal of Neuroscience, 2006, Jul 12;26(28):7416-23 <strong><u><\/u><\/strong><\/li>\n\n\n\n<li class=\"has-small-font-size\">Vandewalle G., Balteau E., Phillips C., Degueldre C., Moreau V., <strong>Sterpenich V.,<\/strong> Albouy G., Darsaud A., Desseilles M., LuxenA., Dang-Vu TT., Peigneux P, Luxen A., Dijk DJ, Maquet P. Daytime light exposure dynamically enhances brain responses. Current&nbsp; Biology. 2006<strong> <\/strong>Aug 22;16(16):1616-21<\/li>\n<\/ul>\n\n\n\n<h3 class=\"wp-block-heading\"><strong>Review articles<\/strong><\/h3>\n\n\n\n<ul class=\"wp-block-list\">\n<li class=\"has-small-font-size\">Desseilles M, Dang-Vu TT, <strong>Sterpenich V,<\/strong> Schwartz S. Cognitive and emotional processes during dreaming: a neuroimaging view. Conscious Cogn. 2011 Dec;20(4):998-1008<\/li>\n\n\n\n<li class=\"has-small-font-size\"><strong><\/strong>Dang-Vu TT, Schabus M, Desseilles M, <strong>Sterpenich V,<\/strong> Bonjean M, Maquet P. Functional neuroimaging insights into the physiology of human sleep. Sleep. 2010 Dec 1;33(12):1589-603<\/li>\n\n\n\n<li class=\"has-small-font-size\">Maquet P, <strong>Sterpenich V<\/strong>, Albouy G, Dang-Vu T, Desseilles M, Boly M, RubyP, Laureys S, Peigneux P. Brain imaging on passing to sleep.&nbsp;The physiological nature of sleep, P.L. Parmeggiani, R.A. Velluti, editors.Imperial College Press, London, 2005<\/li>\n\n\n\n<li class=\"has-small-font-size\">Maquet P, Ruby P, Maudoux A, Albouy G, <strong>Sterpenich V,<\/strong> Dang-Vu TT, Desseilles M, Boly M, Perrin F, Peigneux P, Laureys S,Human cognition during REM sleep and the activity profile within frontal and parietal cortices: a reappraisal of functional neuroimaging data. Prog Brain Res. 2005 150:219-27.<\/li>\n<\/ul>\n\n\n\n<h3 class=\"wp-block-heading\"><strong>Articles in review<\/strong><\/h3>\n\n\n\n<ul class=\"wp-block-list\">\n<li class=\"has-small-font-size\">Legendre G, Bayer L, Seeck M, Spinelli L, Schwartz S, <strong>Sterpenich V,<\/strong> Reinstatement of emotional associations during human sleep: an intracranial EEG study, BioRxiv, June 2022<\/li>\n\n\n\n<li class=\"has-small-font-size\">Mammeri K, Riontino L, Schwartz S, <strong>Sterpenich V,<\/strong> Sleeping or being on the phone? Impact of parental rules concerning screen time on sleep in adolescents: A cross-sectional study<\/li>\n<\/ul>\n\n\n\n<h3 class=\"wp-block-heading\"><strong>Book chapter<\/strong><\/h3>\n\n\n\n<ul class=\"wp-block-list\">\n<li class=\"has-small-font-size\"><strong>Sterpenich V.<\/strong> Le d\u00e9veloppement neurocognitif de la naissance \u00e0 l\u2019adolescence, Elsevier 2022, Chapitre \u00ab&nbsp;Le sommeil de l\u2019enfant&nbsp;\u00bb<\/li>\n<\/ul>\n\n\n\n<h3 class=\"wp-block-heading\"><strong>Thesis<\/strong><\/h3>\n\n\n\n<ul class=\"wp-block-list\">\n<li class=\"has-small-font-size\"><strong>Sterpenich V<\/strong>. PhD thesis in Science, Cerebral correlates of the consolidation of emotional memory using fMRI 2 july 2008, University of Li\u00e8ge, Belgium.<\/li>\n<\/ul>\n\n\n\n<h3 class=\"wp-block-heading\"><strong>Oral presentations during congress under invitation<\/strong><\/h3>\n\n\n\n<ul class=\"wp-block-list\">\n<li class=\"has-small-font-size\">European Sleep Research Society congress, Athens (Greece), 29 September 2022, How sleep consolidates rewarded experiences in adults and children?, invited speaker in a symposium<\/li>\n\n\n\n<li class=\"has-small-font-size\">Conf\u00e9rence sur l\u2019intelligence virtuelle, Paris 20 may 2022, \u00ab&nbsp;quels impacts ont les \u00e9crans sur notre cerveau&nbsp;?&nbsp;\u00bb<\/li>\n\n\n\n<li class=\"has-small-font-size\">Conf\u00e9rence internationale du CSEN, Mieux dormir pour mieux apprendre, Paris 23 march 2022, \u00ab&nbsp;Quels impacts ont les \u00e9crans sur le sommeil des adolescents?&nbsp;\u00bb, invited speaker<\/li>\n\n\n\n<li class=\"has-small-font-size\">Le congr\u00e8s du sommeil (SFRM), Lille (France), 21 novembre 2019, \u00ab&nbsp;R\u00eaves et r\u00e9gulation des \u00e9motions chez l\u2019adulte et chez l\u2019enfant\u00bb, invited speaker in a symposium<\/li>\n\n\n\n<li class=\"has-small-font-size\">Formation continue sur la Neuro\u00e9ducation, Paris-Sorbonne, 5 june 2019,<a><\/a><a><\/a><a> \u00ab&nbsp;<\/a>Le sommeil, un facteur essentiel dans la consolidation de la m\u00e9moire&nbsp;chez l\u2019enfant<a><\/a><a><\/a><a>\u00bb<\/a>, invited speaker<\/li>\n\n\n\n<li class=\"has-small-font-size\">3\u00e8me journ\u00e9e de formation continue de l\u2019Association Suisse des neuropsychologues, 22 june 2018, \u00ab&nbsp;Le sommeil, un facteur essentiel dans la consolidation de la m\u00e9moire&nbsp;\u00bb<\/li>\n\n\n\n<li class=\"has-small-font-size\">2nd Congress of the European Academic of Neurology, invited speaker in a symposium Copenhagen (Denmark), 28-31 May 2016,&nbsp; \u201cImpact of emotion on the consolidation of memory during sleep\u201d<\/li>\n\n\n\n<li class=\"has-small-font-size\">10<sup>th<\/sup> Alpine Brain Imaging Meeting, Champery (Switzerland), 11-15 january 2015, \u201cVictory triggers spontaneous memory reactivation during sleep: A spatiotemporal fMRI brain decoding study\u201d<\/li>\n\n\n\n<li class=\"has-small-font-size\">Le congr\u00e8s du sommeil, Lille (France), 20-22 novembre 2014, \u00ab&nbsp;Imagerie fonctionnelle c\u00e9r\u00e9brale du Sommeil Paradoxal&nbsp;\u00bb<\/li>\n\n\n\n<li class=\"has-small-font-size\">Organisation and participation to a symposium \u00ab&nbsp;Sleep and Memory Consolidation: New Insights and Models&nbsp;\u00bb for the congress of the European Society of Sleep Research (ESRS) in September 2014 at Tallinn (Estonia). \u201cNew insights on the consolidation of emotional memories during sleep.\u201d<\/li>\n\n\n\n<li class=\"has-small-font-size\">11\u00e8me Colloque de la Soci\u00e9t\u00e9 des neurosciences, Lyon (France), 21 \u2013 24 may 2013,&nbsp; \u201cWhat is the role of sleep in the consolidation of emotional memory, using fMRI\u201d<\/li>\n\n\n\n<li class=\"has-small-font-size\">5th International Conference on Memory,&nbsp; York (England), August 2011, \u201cWhat is the role of sleep in the consolidation of emotional memory, using fMRI\u201d<\/li>\n\n\n\n<li class=\"has-small-font-size\">20<sup> the<\/sup> Congress of the European Sleep Research Society, Lisbon (Portugal), September 2010, \u201cEmotion and sleep interact to enhance the perceptual discrimination of ambiguous faces\u201d<\/li>\n\n\n\n<li class=\"has-small-font-size\">20<sup> th<\/sup> Congress of the European Sleep Research Society, Lisbon (Portugal), September 2010, \u201cConditioned auditory cues delivered during phasic REM sleep enhance adult human brain plasticity&nbsp;\u00bb<\/li>\n\n\n\n<li class=\"has-small-font-size\">Alpine Brain Imaging meeting (ABIM), Champ\u00e9ry (Switzerland), January 2010,<strong> \u201c<\/strong>Emotion and sleep interact to enhance the perceptual discrimination of ambiguous faces\u201d<\/li>\n\n\n\n<li class=\"has-small-font-size\">XXIX International congress of Psychology, Berlin (Germany), July 2008, \u201cSleep deprivation on the post-encoding night modifies the neural correlates of&nbsp; emotional memory retrieval after short and long retention period.\u201d<\/li>\n\n\n\n<li class=\"has-small-font-size\">the Vth Courses on \u201cHot topics in sleep research\u201d (European Sleep Research Society) Barcelone (Spain), Octobre 2007, \u201cSleep deprivation on the post-encoding night modifies the neural correlates of&nbsp; emotional memory retrieval 6 months later\u201d<\/li>\n\n\n\n<li class=\"has-small-font-size\">BASS (Belgian Association for Sleep Research and Sleep Medicine) : past and future of sleep medicine, Elzenveld, Antwerp (Belgium), Octobre 2007, \u201cSleep deprivation on the post-encoding night modifies the neural correlates of&nbsp; emotional memory retrieval 6 months later\u201d<\/li>\n<\/ul>\n","protected":false},"excerpt":{"rendered":"<p>You can find here the list of Dr. Sterpenich&#8217;s publications Publications with editorial policy Review articles Articles in review Book chapter Thesis Oral presentations during congress under invitation<\/p>\n","protected":false},"author":7,"featured_media":0,"parent":0,"menu_order":0,"comment_status":"closed","ping_status":"closed","template":"","meta":{"_themeisle_gutenberg_block_has_review":false,"footnotes":""},"class_list":["post-12","page","type-page","status-publish","hentry"],"_links":{"self":[{"href":"https:\/\/cisa-unige.ch\/sterpenich-virginie\/wp-json\/wp\/v2\/pages\/12","targetHints":{"allow":["GET"]}}],"collection":[{"href":"https:\/\/cisa-unige.ch\/sterpenich-virginie\/wp-json\/wp\/v2\/pages"}],"about":[{"href":"https:\/\/cisa-unige.ch\/sterpenich-virginie\/wp-json\/wp\/v2\/types\/page"}],"author":[{"embeddable":true,"href":"https:\/\/cisa-unige.ch\/sterpenich-virginie\/wp-json\/wp\/v2\/users\/7"}],"replies":[{"embeddable":true,"href":"https:\/\/cisa-unige.ch\/sterpenich-virginie\/wp-json\/wp\/v2\/comments?post=12"}],"version-history":[{"count":21,"href":"https:\/\/cisa-unige.ch\/sterpenich-virginie\/wp-json\/wp\/v2\/pages\/12\/revisions"}],"predecessor-version":[{"id":369,"href":"https:\/\/cisa-unige.ch\/sterpenich-virginie\/wp-json\/wp\/v2\/pages\/12\/revisions\/369"}],"wp:attachment":[{"href":"https:\/\/cisa-unige.ch\/sterpenich-virginie\/wp-json\/wp\/v2\/media?parent=12"}],"curies":[{"name":"wp","href":"https:\/\/api.w.org\/{rel}","templated":true}]}}